{"id":1144,"date":"2026-04-15T22:21:40","date_gmt":"2026-04-15T22:21:40","guid":{"rendered":"https:\/\/granjajocelyn.com\/?page_id=1144"},"modified":"2026-04-15T23:20:04","modified_gmt":"2026-04-15T23:20:04","slug":"azure","status":"publish","type":"page","link":"https:\/\/granjajocelyn.com\/index.php\/azure\/","title":{"rendered":"Azure"},"content":{"rendered":"\t\t<div data-elementor-type=\"wp-page\" data-elementor-id=\"1144\" class=\"elementor elementor-1144\">\n\t\t\t\t<div class=\"elementor-element elementor-element-75c3afa e-con-full e-flex e-con e-parent\" data-id=\"75c3afa\" data-element_type=\"container\">\n\t\t\t\t<div class=\"elementor-element elementor-element-86ea3b9 elementor-widget elementor-widget-image\" data-id=\"86ea3b9\" data-element_type=\"widget\" data-widget_type=\"image.default\">\n\t\t\t\t<div class=\"elementor-widget-container\">\n\t\t\t\t\t\t\t\t\t\t\t\t\t\t\t<img fetchpriority=\"high\" decoding=\"async\" width=\"1668\" height=\"696\" src=\"https:\/\/granjajocelyn.com\/wp-content\/uploads\/2026\/04\/piezas-para-web-don-chjichi-01.jpg\" class=\"attachment-full size-full wp-image-1149\" alt=\"\" srcset=\"https:\/\/granjajocelyn.com\/wp-content\/uploads\/2026\/04\/piezas-para-web-don-chjichi-01.jpg 1668w, https:\/\/granjajocelyn.com\/wp-content\/uploads\/2026\/04\/piezas-para-web-don-chjichi-01-300x125.jpg 300w, https:\/\/granjajocelyn.com\/wp-content\/uploads\/2026\/04\/piezas-para-web-don-chjichi-01-1024x427.jpg 1024w, https:\/\/granjajocelyn.com\/wp-content\/uploads\/2026\/04\/piezas-para-web-don-chjichi-01-768x320.jpg 768w, https:\/\/granjajocelyn.com\/wp-content\/uploads\/2026\/04\/piezas-para-web-don-chjichi-01-1536x641.jpg 1536w\" sizes=\"(max-width: 1668px) 100vw, 1668px\" \/>\t\t\t\t\t\t\t\t\t\t\t\t\t\t\t<\/div>\n\t\t\t\t<\/div>\n\t\t\t\t<\/div>\n\t\t<div class=\"elementor-element elementor-element-ac3c928 e-flex e-con-boxed e-con e-parent\" data-id=\"ac3c928\" data-element_type=\"container\">\n\t\t\t\t\t<div class=\"e-con-inner\">\n\t\t<div class=\"elementor-element elementor-element-104eaf3 e-con-full e-flex e-con e-child\" data-id=\"104eaf3\" data-element_type=\"container\">\n\t\t\t\t<div class=\"elementor-element elementor-element-c01f0af elementor-widget elementor-widget-text-editor\" data-id=\"c01f0af\" data-element_type=\"widget\" data-widget_type=\"text-editor.default\">\n\t\t\t\t<div class=\"elementor-widget-container\">\n\t\t\t\t\t\t\t\t\t<h4 style=\"font-size: 2.4rem; font-style: normal;\"><span style=\"color: #003e7d;\">Los Primeros Huevos Azules de Rep\u00fablica Dominicana<\/span><\/h4><p>Primera puesta de los primeros huevos azules de nuestro pa\u00eds, producidos con amor en la granja de nuestro abuelo, Granja Jocelyn.<br \/>Una exquisitez natural para el disfrute de tu familia. una nueva Joya Azul est\u00e1 naciendo en nuestra tierra.<\/p>\t\t\t\t\t\t\t\t<\/div>\n\t\t\t\t<\/div>\n\t\t\t\t<div class=\"elementor-element elementor-element-54b0edf elementor-widget elementor-widget-image\" data-id=\"54b0edf\" data-element_type=\"widget\" data-widget_type=\"image.default\">\n\t\t\t\t<div class=\"elementor-widget-container\">\n\t\t\t\t\t\t\t\t\t\t\t\t\t\t\t<img decoding=\"async\" width=\"300\" height=\"163\" src=\"https:\/\/granjajocelyn.com\/wp-content\/uploads\/2026\/04\/huevos-azulesdotsline-300x163.png\" class=\"attachment-medium size-medium wp-image-1150\" alt=\"\" srcset=\"https:\/\/granjajocelyn.com\/wp-content\/uploads\/2026\/04\/huevos-azulesdotsline-300x163.png 300w, https:\/\/granjajocelyn.com\/wp-content\/uploads\/2026\/04\/huevos-azulesdotsline-1024x556.png 1024w, https:\/\/granjajocelyn.com\/wp-content\/uploads\/2026\/04\/huevos-azulesdotsline-768x417.png 768w, https:\/\/granjajocelyn.com\/wp-content\/uploads\/2026\/04\/huevos-azulesdotsline-1536x834.png 1536w, https:\/\/granjajocelyn.com\/wp-content\/uploads\/2026\/04\/huevos-azulesdotsline.png 1977w\" sizes=\"(max-width: 300px) 100vw, 300px\" \/>\t\t\t\t\t\t\t\t\t\t\t\t\t\t\t<\/div>\n\t\t\t\t<\/div>\n\t\t\t\t<\/div>\n\t\t<div class=\"elementor-element elementor-element-b390ea9 e-con-full e-flex e-con e-child\" data-id=\"b390ea9\" data-element_type=\"container\">\n\t\t<div class=\"elementor-element elementor-element-f950b40 e-con-full e-flex e-con e-child\" data-id=\"f950b40\" data-element_type=\"container\">\n\t\t\t\t<div class=\"elementor-element elementor-element-3910f23 elementor-widget elementor-widget-image\" data-id=\"3910f23\" data-element_type=\"widget\" data-widget_type=\"image.default\">\n\t\t\t\t<div class=\"elementor-widget-container\">\n\t\t\t\t\t\t\t\t\t\t\t\t\t\t\t<img decoding=\"async\" width=\"1024\" height=\"572\" src=\"https:\/\/granjajocelyn.com\/wp-content\/uploads\/2026\/04\/empaque-azure-perspectiva24387-1024x572.png\" class=\"attachment-large size-large wp-image-1152\" alt=\"\" srcset=\"https:\/\/granjajocelyn.com\/wp-content\/uploads\/2026\/04\/empaque-azure-perspectiva24387-1024x572.png 1024w, https:\/\/granjajocelyn.com\/wp-content\/uploads\/2026\/04\/empaque-azure-perspectiva24387-300x167.png 300w, https:\/\/granjajocelyn.com\/wp-content\/uploads\/2026\/04\/empaque-azure-perspectiva24387-768x429.png 768w, https:\/\/granjajocelyn.com\/wp-content\/uploads\/2026\/04\/empaque-azure-perspectiva24387-1536x857.png 1536w, https:\/\/granjajocelyn.com\/wp-content\/uploads\/2026\/04\/empaque-azure-perspectiva24387-2048x1143.png 2048w\" sizes=\"(max-width: 1024px) 100vw, 1024px\" \/>\t\t\t\t\t\t\t\t\t\t\t\t\t\t\t<\/div>\n\t\t\t\t<\/div>\n\t\t\t\t<\/div>\n\t\t<div class=\"elementor-element elementor-element-b6d90ea e-con-full e-flex e-con e-child\" data-id=\"b6d90ea\" data-element_type=\"container\">\n\t\t\t\t<div class=\"elementor-element elementor-element-dfde60e elementor-widget elementor-widget-image\" data-id=\"dfde60e\" data-element_type=\"widget\" data-widget_type=\"image.default\">\n\t\t\t\t<div class=\"elementor-widget-container\">\n\t\t\t\t\t\t\t\t\t\t\t\t\t\t\t<img loading=\"lazy\" decoding=\"async\" width=\"300\" height=\"184\" src=\"https:\/\/granjajocelyn.com\/wp-content\/uploads\/2026\/04\/Asset-1dotsline-300x184.png\" class=\"attachment-medium size-medium wp-image-1151\" alt=\"\" srcset=\"https:\/\/granjajocelyn.com\/wp-content\/uploads\/2026\/04\/Asset-1dotsline-300x184.png 300w, https:\/\/granjajocelyn.com\/wp-content\/uploads\/2026\/04\/Asset-1dotsline.png 741w\" sizes=\"(max-width: 300px) 100vw, 300px\" \/>\t\t\t\t\t\t\t\t\t\t\t\t\t\t\t<\/div>\n\t\t\t\t<\/div>\n\t\t\t\t<\/div>\n\t\t\t\t<\/div>\n\t\t\t\t\t<\/div>\n\t\t\t\t<\/div>\n\t\t<div class=\"elementor-element elementor-element-a4a89b2 e-flex e-con-boxed e-con e-parent\" data-id=\"a4a89b2\" data-element_type=\"container\">\n\t\t\t\t\t<div class=\"e-con-inner\">\n\t\t<div class=\"elementor-element elementor-element-51c114c e-con-full e-flex e-con e-child\" data-id=\"51c114c\" data-element_type=\"container\">\n\t\t\t\t<div class=\"elementor-element elementor-element-c70b22b elementor-widget elementor-widget-image\" data-id=\"c70b22b\" data-element_type=\"widget\" data-widget_type=\"image.default\">\n\t\t\t\t<div class=\"elementor-widget-container\">\n\t\t\t\t\t\t\t\t\t\t\t\t\t\t\t<img loading=\"lazy\" decoding=\"async\" width=\"1015\" height=\"1024\" src=\"https:\/\/granjajocelyn.com\/wp-content\/uploads\/2026\/04\/ancestral-icodotsline-1015x1024.png\" class=\"attachment-large size-large wp-image-1157\" alt=\"\" srcset=\"https:\/\/granjajocelyn.com\/wp-content\/uploads\/2026\/04\/ancestral-icodotsline-1015x1024.png 1015w, https:\/\/granjajocelyn.com\/wp-content\/uploads\/2026\/04\/ancestral-icodotsline-297x300.png 297w, https:\/\/granjajocelyn.com\/wp-content\/uploads\/2026\/04\/ancestral-icodotsline-150x150.png 150w, https:\/\/granjajocelyn.com\/wp-content\/uploads\/2026\/04\/ancestral-icodotsline-768x775.png 768w, https:\/\/granjajocelyn.com\/wp-content\/uploads\/2026\/04\/ancestral-icodotsline.png 1298w\" sizes=\"(max-width: 1015px) 100vw, 1015px\" \/>\t\t\t\t\t\t\t\t\t\t\t\t\t\t\t<\/div>\n\t\t\t\t<\/div>\n\t\t\t\t<\/div>\n\t\t<div class=\"elementor-element elementor-element-01c7a8a e-con-full e-flex e-con e-child\" data-id=\"01c7a8a\" data-element_type=\"container\">\n\t\t\t\t<div class=\"elementor-element elementor-element-565696a elementor-widget elementor-widget-image\" data-id=\"565696a\" data-element_type=\"widget\" data-widget_type=\"image.default\">\n\t\t\t\t<div class=\"elementor-widget-container\">\n\t\t\t\t\t\t\t\t\t\t\t\t\t\t\t<img loading=\"lazy\" decoding=\"async\" width=\"191\" height=\"205\" src=\"https:\/\/granjajocelyn.com\/wp-content\/uploads\/2026\/04\/logoDCHCH@1080x-8-MAROON.png\" class=\"attachment-large size-large wp-image-1155\" alt=\"\" \/>\t\t\t\t\t\t\t\t\t\t\t\t\t\t\t<\/div>\n\t\t\t\t<\/div>\n\t\t\t\t<\/div>\n\t\t<div class=\"elementor-element elementor-element-db7fac3 e-con-full e-flex e-con e-child\" data-id=\"db7fac3\" data-element_type=\"container\">\n\t\t\t\t<div class=\"elementor-element elementor-element-5d79ea3 elementor-widget elementor-widget-image\" data-id=\"5d79ea3\" data-element_type=\"widget\" data-widget_type=\"image.default\">\n\t\t\t\t<div class=\"elementor-widget-container\">\n\t\t\t\t\t\t\t\t\t\t\t\t\t\t\t<img loading=\"lazy\" decoding=\"async\" width=\"1024\" height=\"558\" src=\"https:\/\/granjajocelyn.com\/wp-content\/uploads\/2026\/04\/llogo-jocelkyndotsline-1024x558.png\" class=\"attachment-large size-large wp-image-1156\" alt=\"\" srcset=\"https:\/\/granjajocelyn.com\/wp-content\/uploads\/2026\/04\/llogo-jocelkyndotsline-1024x558.png 1024w, https:\/\/granjajocelyn.com\/wp-content\/uploads\/2026\/04\/llogo-jocelkyndotsline-300x164.png 300w, https:\/\/granjajocelyn.com\/wp-content\/uploads\/2026\/04\/llogo-jocelkyndotsline-768x419.png 768w, https:\/\/granjajocelyn.com\/wp-content\/uploads\/2026\/04\/llogo-jocelkyndotsline.png 1487w\" sizes=\"(max-width: 1024px) 100vw, 1024px\" \/>\t\t\t\t\t\t\t\t\t\t\t\t\t\t\t<\/div>\n\t\t\t\t<\/div>\n\t\t\t\t<\/div>\n\t\t\t\t\t<\/div>\n\t\t\t\t<\/div>\n\t\t<div class=\"elementor-element elementor-element-956969e e-flex e-con-boxed e-con e-parent\" data-id=\"956969e\" data-element_type=\"container\" data-settings=\"{&quot;background_background&quot;:&quot;classic&quot;}\">\n\t\t\t\t\t<div class=\"e-con-inner\">\n\t\t<div class=\"elementor-element elementor-element-7a8e960 e-con-full e-flex e-con e-child\" data-id=\"7a8e960\" data-element_type=\"container\">\n\t\t\t\t<div class=\"elementor-element elementor-element-8d9afb7 elementor-widget elementor-widget-image\" data-id=\"8d9afb7\" data-element_type=\"widget\" data-widget_type=\"image.default\">\n\t\t\t\t<div class=\"elementor-widget-container\">\n\t\t\t\t\t\t\t\t\t\t\t\t\t\t\t<img loading=\"lazy\" decoding=\"async\" width=\"1024\" height=\"613\" src=\"https:\/\/granjajocelyn.com\/wp-content\/uploads\/2026\/04\/huevos-azules-con-yema-1024x613.png\" class=\"attachment-large size-large wp-image-1154\" alt=\"\" srcset=\"https:\/\/granjajocelyn.com\/wp-content\/uploads\/2026\/04\/huevos-azules-con-yema-1024x613.png 1024w, https:\/\/granjajocelyn.com\/wp-content\/uploads\/2026\/04\/huevos-azules-con-yema-300x180.png 300w, https:\/\/granjajocelyn.com\/wp-content\/uploads\/2026\/04\/huevos-azules-con-yema-768x460.png 768w, https:\/\/granjajocelyn.com\/wp-content\/uploads\/2026\/04\/huevos-azules-con-yema-1536x920.png 1536w, https:\/\/granjajocelyn.com\/wp-content\/uploads\/2026\/04\/huevos-azules-con-yema-2048x1226.png 2048w\" sizes=\"(max-width: 1024px) 100vw, 1024px\" \/>\t\t\t\t\t\t\t\t\t\t\t\t\t\t\t<\/div>\n\t\t\t\t<\/div>\n\t\t\t\t<\/div>\n\t\t<div class=\"elementor-element elementor-element-d39c75d e-con-full e-flex e-con e-child\" data-id=\"d39c75d\" data-element_type=\"container\">\n\t\t\t\t<div class=\"elementor-element elementor-element-c8c0046 elementor-widget elementor-widget-text-editor\" data-id=\"c8c0046\" data-element_type=\"widget\" data-widget_type=\"text-editor.default\">\n\t\t\t\t<div class=\"elementor-widget-container\">\n\t\t\t\t\t\t\t\t\t<h4>\u00a0<\/h4><h4 style=\"font-size: 2.4rem; font-style: normal;\"><span style=\"color: #053978;\">Origen y tradici\u00f3n<\/span><\/h4><p><span style=\"color: #053978;\"><strong>Primera puesta de los primeros huevos azules de nuestro pa\u00eds, producidos con amor en la granja de nuestro abuelo, Granja Jocelyn.<\/strong><\/span><br \/><span style=\"color: #053978;\"><strong>Una exquisitez natural para el disfrute de tu familia. una nueva Joya Azul est\u00e1 naciendo en nuestra tierra.<\/strong><\/span><\/p>\t\t\t\t\t\t\t\t<\/div>\n\t\t\t\t<\/div>\n\t\t\t\t<\/div>\n\t\t<div class=\"elementor-element elementor-element-704cd40 e-con-full e-flex e-con e-child\" data-id=\"704cd40\" data-element_type=\"container\">\n\t\t\t\t<div class=\"elementor-element elementor-element-5ae34f5 elementor-widget elementor-widget-text-editor\" data-id=\"5ae34f5\" data-element_type=\"widget\" data-widget_type=\"text-editor.default\">\n\t\t\t\t<div class=\"elementor-widget-container\">\n\t\t\t\t\t\t\t\t\t<h4 style=\"font-size: 2.4rem; font-style: normal;\"><span style=\"color: #032d6b;\">Una experiencia especial<\/span><\/h4><div><span style=\"color: #00457a;\"><strong>Adem\u00e1s de su hermoso color, estos huevos ofrecen la misma prote\u00edna de alta calidad que caracteriza a los huevos premium, con gran frescura, yemas vibrantes y un sabor delicado. M\u00e1s que un ingrediente, los Huevos Azules Don Chich\u00ed son una experiencia: una forma de descubrir algo extraordinario en un alimento tan cotidiano como el huevo. Una peque\u00f1a joya de la naturaleza, creada para quienes disfrutan lo especial en su mesa.<\/strong><\/span><\/div>\t\t\t\t\t\t\t\t<\/div>\n\t\t\t\t<\/div>\n\t\t\t\t<\/div>\n\t\t<div class=\"elementor-element elementor-element-db83a38 e-con-full e-flex e-con e-child\" data-id=\"db83a38\" data-element_type=\"container\">\n\t\t\t\t<div class=\"elementor-element elementor-element-a03cf06 elementor-widget elementor-widget-image\" data-id=\"a03cf06\" data-element_type=\"widget\" data-widget_type=\"image.default\">\n\t\t\t\t<div class=\"elementor-widget-container\">\n\t\t\t\t\t\t\t\t\t\t\t\t\t\t\t<img loading=\"lazy\" decoding=\"async\" width=\"1024\" height=\"572\" src=\"https:\/\/granjajocelyn.com\/wp-content\/uploads\/2026\/04\/fritos2-1024x572.png\" class=\"attachment-large size-large wp-image-1166\" alt=\"\" srcset=\"https:\/\/granjajocelyn.com\/wp-content\/uploads\/2026\/04\/fritos2-1024x572.png 1024w, https:\/\/granjajocelyn.com\/wp-content\/uploads\/2026\/04\/fritos2-300x167.png 300w, https:\/\/granjajocelyn.com\/wp-content\/uploads\/2026\/04\/fritos2-768x429.png 768w, https:\/\/granjajocelyn.com\/wp-content\/uploads\/2026\/04\/fritos2-1536x857.png 1536w, https:\/\/granjajocelyn.com\/wp-content\/uploads\/2026\/04\/fritos2-2048x1143.png 2048w\" sizes=\"(max-width: 1024px) 100vw, 1024px\" \/>\t\t\t\t\t\t\t\t\t\t\t\t\t\t\t<\/div>\n\t\t\t\t<\/div>\n\t\t\t\t<\/div>\n\t\t\t\t\t<\/div>\n\t\t\t\t<\/div>\n\t\t\t\t<\/div>\n\t\t","protected":false},"excerpt":{"rendered":"<p>Los Primeros Huevos Azules de Rep\u00fablica Dominicana Primera puesta de los primeros huevos azules de nuestro pa\u00eds, producidos con amor [&hellip;]<\/p>\n","protected":false},"author":1,"featured_media":0,"parent":0,"menu_order":0,"comment_status":"closed","ping_status":"closed","template":"","meta":{"_monsterinsights_skip_tracking":false,"_monsterinsights_sitenote_active":false,"_monsterinsights_sitenote_note":"","_monsterinsights_sitenote_category":0,"site-sidebar-layout":"no-sidebar","site-content-layout":"","ast-site-content-layout":"full-width-container","site-content-style":"default","site-sidebar-style":"default","ast-global-header-display":"","ast-banner-title-visibility":"","ast-main-header-display":"","ast-hfb-above-header-display":"","ast-hfb-below-header-display":"","ast-hfb-mobile-header-display":"","site-post-title":"","ast-breadcrumbs-content":"","ast-featured-img":"disabled","footer-sml-layout":"","theme-transparent-header-meta":"","adv-header-id-meta":"","stick-header-meta":"","header-above-stick-meta":"","header-main-stick-meta":"","header-below-stick-meta":"","astra-migrate-meta-layouts":"default","ast-page-background-enabled":"default","ast-page-background-meta":{"desktop":{"background-color":"var(--ast-global-color-4)","background-image":"","background-repeat":"repeat","background-position":"center center","background-size":"auto","background-attachment":"scroll","background-type":"","background-media":"","overlay-type":"","overlay-color":"","overlay-opacity":"","overlay-gradient":""},"tablet":{"background-color":"","background-image":"","background-repeat":"repeat","background-position":"center center","background-size":"auto","background-attachment":"scroll","background-type":"","background-media":"","overlay-type":"","overlay-color":"","overlay-opacity":"","overlay-gradient":""},"mobile":{"background-color":"","background-image":"","background-repeat":"repeat","background-position":"center center","background-size":"auto","background-attachment":"scroll","background-type":"","background-media":"","overlay-type":"","overlay-color":"","overlay-opacity":"","overlay-gradient":""}},"ast-content-background-meta":{"desktop":{"background-color":"var(--ast-global-color-5)","background-image":"","background-repeat":"repeat","background-position":"center center","background-size":"auto","background-attachment":"scroll","background-type":"","background-media":"","overlay-type":"","overlay-color":"","overlay-opacity":"","overlay-gradient":""},"tablet":{"background-color":"var(--ast-global-color-5)","background-image":"","background-repeat":"repeat","background-position":"center center","background-size":"auto","background-attachment":"scroll","background-type":"","background-media":"","overlay-type":"","overlay-color":"","overlay-opacity":"","overlay-gradient":""},"mobile":{"background-color":"var(--ast-global-color-5)","background-image":"","background-repeat":"repeat","background-position":"center center","background-size":"auto","background-attachment":"scroll","background-type":"","background-media":"","overlay-type":"","overlay-color":"","overlay-opacity":"","overlay-gradient":""}},"footnotes":""},"class_list":["post-1144","page","type-page","status-publish","hentry"],"_links":{"self":[{"href":"https:\/\/granjajocelyn.com\/index.php\/wp-json\/wp\/v2\/pages\/1144","targetHints":{"allow":["GET"]}}],"collection":[{"href":"https:\/\/granjajocelyn.com\/index.php\/wp-json\/wp\/v2\/pages"}],"about":[{"href":"https:\/\/granjajocelyn.com\/index.php\/wp-json\/wp\/v2\/types\/page"}],"author":[{"embeddable":true,"href":"https:\/\/granjajocelyn.com\/index.php\/wp-json\/wp\/v2\/users\/1"}],"replies":[{"embeddable":true,"href":"https:\/\/granjajocelyn.com\/index.php\/wp-json\/wp\/v2\/comments?post=1144"}],"version-history":[{"count":22,"href":"https:\/\/granjajocelyn.com\/index.php\/wp-json\/wp\/v2\/pages\/1144\/revisions"}],"predecessor-version":[{"id":1181,"href":"https:\/\/granjajocelyn.com\/index.php\/wp-json\/wp\/v2\/pages\/1144\/revisions\/1181"}],"wp:attachment":[{"href":"https:\/\/granjajocelyn.com\/index.php\/wp-json\/wp\/v2\/media?parent=1144"}],"curies":[{"name":"wp","href":"https:\/\/api.w.org\/{rel}","templated":true}]}}